{"id":7,"date":"2025-06-18T15:17:55","date_gmt":"2025-06-18T13:17:55","guid":{"rendered":"https:\/\/skylinemotorbike.com\/?page_id=7"},"modified":"2025-09-19T16:31:09","modified_gmt":"2025-09-19T14:31:09","slug":"home","status":"publish","type":"page","link":"https:\/\/skylinemotorbike.com\/en\/","title":{"rendered":"Home"},"content":{"rendered":"<div data-elementor-type=\"wp-post\" data-elementor-id=\"7\" class=\"elementor elementor-7\">\n\t\t\t\t<div class=\"elementor-element elementor-element-c6eab20 e-flex e-con-boxed e-con e-parent\" data-id=\"c6eab20\" data-element_type=\"container\" data-settings=\"{&quot;background_background&quot;:&quot;classic&quot;}\">\n\t\t\t\t\t<div class=\"e-con-inner\">\n\t\t<div class=\"elementor-element elementor-element-369a407 e-con-full e-flex e-con e-child\" data-id=\"369a407\" data-element_type=\"container\">\n\t\t\t\t<div class=\"elementor-element elementor-element-809dfab elementor-widget elementor-widget-image\" data-id=\"809dfab\" data-element_type=\"widget\" data-widget_type=\"image.default\">\n\t\t\t\t<div class=\"elementor-widget-container\">\n\t\t\t\t\t\t\t\t\t\t\t\t\t\t\t<img fetchpriority=\"high\" decoding=\"async\" width=\"1885\" height=\"1031\" src=\"https:\/\/skylinemotorbike.com\/wp-content\/uploads\/2025\/06\/skyline.png\" class=\"attachment-full size-full wp-image-73\" alt=\"Skyline\" srcset=\"https:\/\/skylinemotorbike.com\/wp-content\/uploads\/2025\/06\/skyline.png 1885w, https:\/\/skylinemotorbike.com\/wp-content\/uploads\/2025\/06\/skyline-300x164.png 300w, https:\/\/skylinemotorbike.com\/wp-content\/uploads\/2025\/06\/skyline-1024x560.png 1024w, https:\/\/skylinemotorbike.com\/wp-content\/uploads\/2025\/06\/skyline-768x420.png 768w, https:\/\/skylinemotorbike.com\/wp-content\/uploads\/2025\/06\/skyline-1536x840.png 1536w, https:\/\/skylinemotorbike.com\/wp-content\/uploads\/2025\/06\/skyline-18x10.png 18w\" sizes=\"(max-width: 1885px) 100vw, 1885px\" \/>\t\t\t\t\t\t\t\t\t\t\t\t\t\t\t<\/div>\n\t\t\t\t<\/div>\n\t\t\t\t<div class=\"elementor-element elementor-element-6e1be81 elementor-hidden-desktop elementor-hidden-tablet elementor-hidden-mobile elementor-widget elementor-widget-heading\" data-id=\"6e1be81\" data-element_type=\"widget\" data-widget_type=\"heading.default\">\n\t\t\t\t<div class=\"elementor-widget-container\">\n\t\t\t\t\t<h1 class=\"elementor-heading-title elementor-size-default\">SKYLINE<\/h1>\t\t\t\t<\/div>\n\t\t\t\t<\/div>\n\t\t\t\t<div class=\"elementor-element elementor-element-678484a elementor-widget elementor-widget-text-editor\" data-id=\"678484a\" data-element_type=\"widget\" data-widget_type=\"text-editor.default\">\n\t\t\t\t<div class=\"elementor-widget-container\">\n\t\t\t\t\t\t\t\t\t<p>Welcome to the new benchmark brand in the world of motorcycle racing.<\/p>\t\t\t\t\t\t\t\t<\/div>\n\t\t\t\t<\/div>\n\t\t\t\t<div class=\"elementor-element elementor-element-273cf5b elementor-align-justify elementor-hidden-desktop elementor-hidden-tablet elementor-hidden-mobile elementor-widget elementor-widget-button\" data-id=\"273cf5b\" data-element_type=\"widget\" data-widget_type=\"button.default\">\n\t\t\t\t<div class=\"elementor-widget-container\">\n\t\t\t\t\t\t\t\t\t<div class=\"elementor-button-wrapper\">\n\t\t\t\t\t<a class=\"elementor-button elementor-button-link elementor-size-sm\" href=\"\/wp-content\/uploads\/2025\/09\/Declaration-of-Conformity.pdf\" target=\"_blank\">\n\t\t\t\t\t\t<span class=\"elementor-button-content-wrapper\">\n\t\t\t\t\t\t\t\t\t<span class=\"elementor-button-text\">Compliance Policy<\/span>\n\t\t\t\t\t<\/span>\n\t\t\t\t\t<\/a>\n\t\t\t\t<\/div>\n\t\t\t\t\t\t\t\t<\/div>\n\t\t\t\t<\/div>\n\t\t\t\t<div class=\"elementor-element elementor-element-45aba8f elementor-align-justify popmake-55 elementor-hidden-desktop elementor-hidden-tablet elementor-hidden-mobile elementor-widget elementor-widget-button\" data-id=\"45aba8f\" data-element_type=\"widget\" data-widget_type=\"button.default\">\n\t\t\t\t<div class=\"elementor-widget-container\">\n\t\t\t\t\t\t\t\t\t<div class=\"elementor-button-wrapper\">\n\t\t\t\t\t<a class=\"elementor-button elementor-button-link elementor-size-sm\" href=\"#\">\n\t\t\t\t\t\t<span class=\"elementor-button-content-wrapper\">\n\t\t\t\t\t\t\t\t\t<span class=\"elementor-button-text\">Compliance Policy<\/span>\n\t\t\t\t\t<\/span>\n\t\t\t\t\t<\/a>\n\t\t\t\t<\/div>\n\t\t\t\t\t\t\t\t<\/div>\n\t\t\t\t<\/div>\n\t\t\t\t<div class=\"elementor-element elementor-element-d3138d7 elementor-align-justify popmake-109 elementor-widget elementor-widget-button\" data-id=\"d3138d7\" data-element_type=\"widget\" data-widget_type=\"button.default\">\n\t\t\t\t<div class=\"elementor-widget-container\">\n\t\t\t\t\t\t\t\t\t<div class=\"elementor-button-wrapper\">\n\t\t\t\t\t<a class=\"elementor-button elementor-button-link elementor-size-sm\" href=\"#\">\n\t\t\t\t\t\t<span class=\"elementor-button-content-wrapper\">\n\t\t\t\t\t\t\t\t\t<span class=\"elementor-button-text\">Compliance Policy<\/span>\n\t\t\t\t\t<\/span>\n\t\t\t\t\t<\/a>\n\t\t\t\t<\/div>\n\t\t\t\t\t\t\t\t<\/div>\n\t\t\t\t<\/div>\n\t\t\t\t<\/div>\n\t\t\t\t\t<\/div>\n\t\t\t\t<\/div>\n\t\t<div class=\"elementor-element elementor-element-528ec89 e-flex e-con-boxed e-con e-parent\" data-id=\"528ec89\" data-element_type=\"container\" data-settings=\"{&quot;background_background&quot;:&quot;classic&quot;}\">\n\t\t\t\t\t<div class=\"e-con-inner\">\n\t\t\t\t<div class=\"elementor-element elementor-element-e3a1f24 elementor-widget elementor-widget-text-editor\" data-id=\"e3a1f24\" data-element_type=\"widget\" data-widget_type=\"text-editor.default\">\n\t\t\t\t<div class=\"elementor-widget-container\">\n\t\t\t\t\t\t\t\t\t<p>La marca <strong>Skyline<\/strong>\u00a0es propiedad de <strong>Multi Retail Trade, SLU<\/strong>, registrada con el n\u00famero NRT <strong>L-714949-H<\/strong> y CIF <strong>N0270406B<\/strong><\/p>\t\t\t\t\t\t\t\t<\/div>\n\t\t\t\t<\/div>\n\t\t\t\t\t<\/div>\n\t\t\t\t<\/div>\n\t\t\t\t<\/div>","protected":false},"excerpt":{"rendered":"<p>SKYLINE Te damos la bienvenida a la nueva marca de referencia en el mundo del racing para motos. Pol\u00edtica de Conformidad Pol\u00edtica de Conformidad Pol\u00edtica de Conformidad La marca Skyline\u00a0es propiedad de Multi Retail Trade, SLU, registrada con el n\u00famero NRT L-714949-H y CIF N0270406B<\/p>","protected":false},"author":1,"featured_media":0,"parent":0,"menu_order":0,"comment_status":"closed","ping_status":"closed","template":"elementor_canvas","meta":{"footnotes":""},"class_list":["post-7","page","type-page","status-publish","hentry"],"_links":{"self":[{"href":"https:\/\/skylinemotorbike.com\/en\/wp-json\/wp\/v2\/pages\/7","targetHints":{"allow":["GET"]}}],"collection":[{"href":"https:\/\/skylinemotorbike.com\/en\/wp-json\/wp\/v2\/pages"}],"about":[{"href":"https:\/\/skylinemotorbike.com\/en\/wp-json\/wp\/v2\/types\/page"}],"author":[{"embeddable":true,"href":"https:\/\/skylinemotorbike.com\/en\/wp-json\/wp\/v2\/users\/1"}],"replies":[{"embeddable":true,"href":"https:\/\/skylinemotorbike.com\/en\/wp-json\/wp\/v2\/comments?post=7"}],"version-history":[{"count":40,"href":"https:\/\/skylinemotorbike.com\/en\/wp-json\/wp\/v2\/pages\/7\/revisions"}],"predecessor-version":[{"id":114,"href":"https:\/\/skylinemotorbike.com\/en\/wp-json\/wp\/v2\/pages\/7\/revisions\/114"}],"wp:attachment":[{"href":"https:\/\/skylinemotorbike.com\/en\/wp-json\/wp\/v2\/media?parent=7"}],"curies":[{"name":"wp","href":"https:\/\/api.w.org\/{rel}","templated":true}]}}